{"id":3102,"date":"2021-03-23T20:00:18","date_gmt":"2021-03-23T19:00:18","guid":{"rendered":"https:\/\/swing.fprocesu.cz\/home"},"modified":"2026-03-09T13:43:35","modified_gmt":"2026-03-09T12:43:35","slug":"home","status":"publish","type":"page","link":"https:\/\/swingbusters.cz\/en","title":{"rendered":"Home"},"content":{"rendered":"","protected":false},"excerpt":{"rendered":"","protected":false},"author":1,"featured_media":0,"parent":0,"menu_order":1,"comment_status":"closed","ping_status":"closed","template":"","meta":{"om_disable_all_campaigns":false,"inline_featured_image":false,"_monsterinsights_skip_tracking":false,"_monsterinsights_sitenote_active":false,"_monsterinsights_sitenote_note":"","_monsterinsights_sitenote_category":0,"_uf_show_specific_survey":0,"_uf_disable_surveys":false,"footnotes":""},"acf":[],"aioseo_notices":[],"yoast_head":"<!-- This site is optimized with the Yoast SEO plugin v21.9.1 - https:\/\/yoast.com\/wordpress\/plugins\/seo\/ -->\n<title>Home - Swing Busters<\/title>\n<meta name=\"description\" content=\"Swing Busters je tane\u010dn\u00ed \u0161kola v\u011bnuj\u00edc\u00ed se tanc\u016fm swingov\u00e9 \u00e9ry 20.-40.let 20.stol. Swing Busters po\u0159\u00e1daj\u00ed krom\u011b kurz\u016f i workshopy a tan\u010d\u00edrny a vystupuj\u00ed.\" \/>\n<meta name=\"robots\" content=\"index, follow, max-snippet:-1, max-image-preview:large, max-video-preview:-1\" \/>\n<link rel=\"canonical\" href=\"https:\/\/swingbusters.cz\/en\" \/>\n<meta property=\"og:locale\" content=\"en_US\" \/>\n<meta property=\"og:type\" content=\"article\" \/>\n<meta property=\"og:title\" content=\"Swing Busters - Swing for fun\" \/>\n<meta property=\"og:description\" content=\"We are a group of people who love swing. In 2011 we founded the Swing Busters dance school and since then we have been teaching swing courses for beginners, intermediate, and advanced students. For us, swing means joy, freedom, and fun! Our purpose is to pass on to others through our lessons or performances.\" \/>\n<meta property=\"og:url\" content=\"https:\/\/swingbusters.cz\/en\" \/>\n<meta property=\"og:site_name\" content=\"Swing Busters\" \/>\n<meta property=\"article:modified_time\" content=\"2026-03-09T12:43:35+00:00\" \/>\n<meta property=\"og:image\" content=\"https:\/\/swingbusters.cz\/wp-content\/uploads\/SwingBusters_webNAHLED9.jpg\" \/>\n\t<meta property=\"og:image:width\" content=\"1286\" \/>\n\t<meta property=\"og:image:height\" content=\"1281\" \/>\n\t<meta property=\"og:image:type\" content=\"image\/jpeg\" \/>\n<meta name=\"twitter:card\" content=\"summary_large_image\" \/>\n<meta name=\"twitter:label1\" content=\"Est. reading time\" \/>\n\t<meta name=\"twitter:data1\" content=\"5 minutes\" \/>\n<script type=\"application\/ld+json\" class=\"yoast-schema-graph\">{\"@context\":\"https:\/\/schema.org\",\"@graph\":[{\"@type\":\"WebPage\",\"@id\":\"https:\/\/swingbusters.cz\/en\",\"url\":\"https:\/\/swingbusters.cz\/en\",\"name\":\"Home - Swing Busters\",\"isPartOf\":{\"@id\":\"https:\/\/swingbusters.cz\/#website\"},\"datePublished\":\"2021-03-23T19:00:18+00:00\",\"dateModified\":\"2026-03-09T12:43:35+00:00\",\"description\":\"Swing Busters je tane\u010dn\u00ed \u0161kola v\u011bnuj\u00edc\u00ed se tanc\u016fm swingov\u00e9 \u00e9ry 20.-40.let 20.stol. Swing Busters po\u0159\u00e1daj\u00ed krom\u011b kurz\u016f i workshopy a tan\u010d\u00edrny a vystupuj\u00ed.\",\"breadcrumb\":{\"@id\":\"https:\/\/swingbusters.cz\/en#breadcrumb\"},\"inLanguage\":\"en-US\",\"potentialAction\":[{\"@type\":\"ReadAction\",\"target\":[\"https:\/\/swingbusters.cz\/en\"]}]},{\"@type\":\"BreadcrumbList\",\"@id\":\"https:\/\/swingbusters.cz\/en#breadcrumb\",\"itemListElement\":[{\"@type\":\"ListItem\",\"position\":1,\"name\":\"Dom\u016f\",\"item\":\"https:\/\/swingbusters.cz\/en\"},{\"@type\":\"ListItem\",\"position\":2,\"name\":\"Home\"}]},{\"@type\":\"WebSite\",\"@id\":\"https:\/\/swingbusters.cz\/#website\",\"url\":\"https:\/\/swingbusters.cz\/\",\"name\":\"Swing Busters\",\"description\":\"Prague swing dance company\",\"publisher\":{\"@id\":\"https:\/\/swingbusters.cz\/#organization\"},\"potentialAction\":[{\"@type\":\"SearchAction\",\"target\":{\"@type\":\"EntryPoint\",\"urlTemplate\":\"https:\/\/swingbusters.cz\/?s={search_term_string}\"},\"query-input\":\"required name=search_term_string\"}],\"inLanguage\":\"en-US\"},{\"@type\":\"Organization\",\"@id\":\"https:\/\/swingbusters.cz\/#organization\",\"name\":\"Swing Busters\",\"url\":\"https:\/\/swingbusters.cz\/\",\"logo\":{\"@type\":\"ImageObject\",\"inLanguage\":\"en-US\",\"@id\":\"https:\/\/swingbusters.cz\/#\/schema\/logo\/image\/\",\"url\":\"https:\/\/swingbusters.cz\/wp-content\/uploads\/sb_vert_logo.svg\",\"contentUrl\":\"https:\/\/swingbusters.cz\/wp-content\/uploads\/sb_vert_logo.svg\",\"width\":1,\"height\":1,\"caption\":\"Swing Busters\"},\"image\":{\"@id\":\"https:\/\/swingbusters.cz\/#\/schema\/logo\/image\/\"}}]}<\/script>\n<!-- \/ Yoast SEO plugin. -->","yoast_head_json":{"title":"Home - Swing Busters","description":"Swing Busters je tane\u010dn\u00ed \u0161kola v\u011bnuj\u00edc\u00ed se tanc\u016fm swingov\u00e9 \u00e9ry 20.-40.let 20.stol. Swing Busters po\u0159\u00e1daj\u00ed krom\u011b kurz\u016f i workshopy a tan\u010d\u00edrny a vystupuj\u00ed.","robots":{"index":"index","follow":"follow","max-snippet":"max-snippet:-1","max-image-preview":"max-image-preview:large","max-video-preview":"max-video-preview:-1"},"canonical":"https:\/\/swingbusters.cz\/en","og_locale":"en_US","og_type":"article","og_title":"Swing Busters - Swing for fun","og_description":"We are a group of people who love swing. In 2011 we founded the Swing Busters dance school and since then we have been teaching swing courses for beginners, intermediate, and advanced students. For us, swing means joy, freedom, and fun! Our purpose is to pass on to others through our lessons or performances.","og_url":"https:\/\/swingbusters.cz\/en","og_site_name":"Swing Busters","article_modified_time":"2026-03-09T12:43:35+00:00","og_image":[{"width":1286,"height":1281,"url":"https:\/\/swingbusters.cz\/wp-content\/uploads\/SwingBusters_webNAHLED9.jpg","type":"image\/jpeg"}],"twitter_card":"summary_large_image","twitter_misc":{"Est. reading time":"5 minutes"},"schema":{"@context":"https:\/\/schema.org","@graph":[{"@type":"WebPage","@id":"https:\/\/swingbusters.cz\/en","url":"https:\/\/swingbusters.cz\/en","name":"Home - Swing Busters","isPartOf":{"@id":"https:\/\/swingbusters.cz\/#website"},"datePublished":"2021-03-23T19:00:18+00:00","dateModified":"2026-03-09T12:43:35+00:00","description":"Swing Busters je tane\u010dn\u00ed \u0161kola v\u011bnuj\u00edc\u00ed se tanc\u016fm swingov\u00e9 \u00e9ry 20.-40.let 20.stol. Swing Busters po\u0159\u00e1daj\u00ed krom\u011b kurz\u016f i workshopy a tan\u010d\u00edrny a vystupuj\u00ed.","breadcrumb":{"@id":"https:\/\/swingbusters.cz\/en#breadcrumb"},"inLanguage":"en-US","potentialAction":[{"@type":"ReadAction","target":["https:\/\/swingbusters.cz\/en"]}]},{"@type":"BreadcrumbList","@id":"https:\/\/swingbusters.cz\/en#breadcrumb","itemListElement":[{"@type":"ListItem","position":1,"name":"Dom\u016f","item":"https:\/\/swingbusters.cz\/en"},{"@type":"ListItem","position":2,"name":"Home"}]},{"@type":"WebSite","@id":"https:\/\/swingbusters.cz\/#website","url":"https:\/\/swingbusters.cz\/","name":"Swing Busters","description":"Prague swing dance company","publisher":{"@id":"https:\/\/swingbusters.cz\/#organization"},"potentialAction":[{"@type":"SearchAction","target":{"@type":"EntryPoint","urlTemplate":"https:\/\/swingbusters.cz\/?s={search_term_string}"},"query-input":"required name=search_term_string"}],"inLanguage":"en-US"},{"@type":"Organization","@id":"https:\/\/swingbusters.cz\/#organization","name":"Swing Busters","url":"https:\/\/swingbusters.cz\/","logo":{"@type":"ImageObject","inLanguage":"en-US","@id":"https:\/\/swingbusters.cz\/#\/schema\/logo\/image\/","url":"https:\/\/swingbusters.cz\/wp-content\/uploads\/sb_vert_logo.svg","contentUrl":"https:\/\/swingbusters.cz\/wp-content\/uploads\/sb_vert_logo.svg","width":1,"height":1,"caption":"Swing Busters"},"image":{"@id":"https:\/\/swingbusters.cz\/#\/schema\/logo\/image\/"}}]}},"_links":{"self":[{"href":"https:\/\/swingbusters.cz\/en\/wp-json\/wp\/v2\/pages\/3102"}],"collection":[{"href":"https:\/\/swingbusters.cz\/en\/wp-json\/wp\/v2\/pages"}],"about":[{"href":"https:\/\/swingbusters.cz\/en\/wp-json\/wp\/v2\/types\/page"}],"author":[{"embeddable":true,"href":"https:\/\/swingbusters.cz\/en\/wp-json\/wp\/v2\/users\/1"}],"replies":[{"embeddable":true,"href":"https:\/\/swingbusters.cz\/en\/wp-json\/wp\/v2\/comments?post=3102"}],"version-history":[{"count":147,"href":"https:\/\/swingbusters.cz\/en\/wp-json\/wp\/v2\/pages\/3102\/revisions"}],"predecessor-version":[{"id":8144,"href":"https:\/\/swingbusters.cz\/en\/wp-json\/wp\/v2\/pages\/3102\/revisions\/8144"}],"wp:attachment":[{"href":"https:\/\/swingbusters.cz\/en\/wp-json\/wp\/v2\/media?parent=3102"}],"curies":[{"name":"wp","href":"https:\/\/api.w.org\/{rel}","templated":true}]}}